{"id":1705,"date":"2023-01-04T12:53:23","date_gmt":"2023-01-04T11:53:23","guid":{"rendered":"http:\/\/leschonsdemeraude.fr\/?page_id=1705"},"modified":"2023-01-17T20:50:34","modified_gmt":"2023-01-17T19:50:34","slug":"peruviens-2","status":"publish","type":"page","link":"https:\/\/leschonsdemeraude.fr\/index.php\/peruviens-2\/","title":{"rendered":"P\u00e9ruviens"},"content":{"rendered":"<h3>J&rsquo;\u00e9l\u00e8ve des p\u00e9ruviens dans les vari\u00e9t\u00e9s suivantes :<\/h3>\n<ul>\n<li>Californiens cr\u00e8mes ou blancs marques noires ou havanes<\/li>\n<li>Unicolores fauves, cr\u00e8mes, blancs en yeux noirs<\/li>\n<li>Feu bleu ou noir<\/li>\n<li>Unicolores bleus, noirs ou rouan noirs<\/li>\n<\/ul>\n<h3>Ces couleurs sont divis\u00e9es en 2 groupes de travail :<\/h3>\n<ul>\n<li>Californiens<\/li>\n<li>Bleus<\/li>\n<\/ul>\n<p>&nbsp;<\/p>\n","protected":false},"excerpt":{"rendered":"<p>J&rsquo;\u00e9l\u00e8ve des p\u00e9ruviens dans les vari\u00e9t\u00e9s suivantes : Californiens cr\u00e8mes ou blancs marques noires ou havanes Unicolores fauves, cr\u00e8mes, blancs en yeux noirs Feu&#8230;<\/p>\n","protected":false},"author":1,"featured_media":0,"parent":0,"menu_order":0,"comment_status":"closed","ping_status":"closed","template":"","meta":[],"_links":{"self":[{"href":"https:\/\/leschonsdemeraude.fr\/index.php\/wp-json\/wp\/v2\/pages\/1705"}],"collection":[{"href":"https:\/\/leschonsdemeraude.fr\/index.php\/wp-json\/wp\/v2\/pages"}],"about":[{"href":"https:\/\/leschonsdemeraude.fr\/index.php\/wp-json\/wp\/v2\/types\/page"}],"author":[{"embeddable":true,"href":"https:\/\/leschonsdemeraude.fr\/index.php\/wp-json\/wp\/v2\/users\/1"}],"replies":[{"embeddable":true,"href":"https:\/\/leschonsdemeraude.fr\/index.php\/wp-json\/wp\/v2\/comments?post=1705"}],"version-history":[{"count":7,"href":"https:\/\/leschonsdemeraude.fr\/index.php\/wp-json\/wp\/v2\/pages\/1705\/revisions"}],"predecessor-version":[{"id":1874,"href":"https:\/\/leschonsdemeraude.fr\/index.php\/wp-json\/wp\/v2\/pages\/1705\/revisions\/1874"}],"wp:attachment":[{"href":"https:\/\/leschonsdemeraude.fr\/index.php\/wp-json\/wp\/v2\/media?parent=1705"}],"curies":[{"name":"wp","href":"https:\/\/api.w.org\/{rel}","templated":true}]}}