{"id":18,"date":"2019-09-26T21:06:11","date_gmt":"2019-09-26T19:06:11","guid":{"rendered":"http:\/\/leschonsdemeraude.fr\/?page_id=18"},"modified":"2023-01-17T20:49:13","modified_gmt":"2023-01-17T19:49:13","slug":"us-teddies","status":"publish","type":"page","link":"https:\/\/leschonsdemeraude.fr\/index.php\/us-teddies\/","title":{"rendered":"Us-Teddies"},"content":{"rendered":"<h3>J\u2019\u00e9l\u00e8ve des Us-Teddies dans les vari\u00e9t\u00e9s suivantes :<\/h3>\n<ul>\n<li>Noir et blanc, agouti dor\u00e9 et blanc<\/li>\n<li>Ecailles de tortue et blanc en noir\/rouge\/blanc ou agouti dor\u00e9\/rouge\/blanc ou havane\/dor\u00e9\/blanc<\/li>\n<li>Tricolores en agouti fauve base noire ou havane, ou en agouti gris, ou en agouti cr\u00e8me<\/li>\n<li>Tricolore en noir (ou havane)\/fauve (ou cr\u00e8me)\/blanc<\/li>\n<li>Feux et unicolores Ardoise (+ variantes loutre, fox)<\/li>\n<li>Feux et unicolores Bleu (+ variantes loutre, fox)<\/li>\n<\/ul>\n<h3><\/h3>\n<h3>Ces couleurs sont divis\u00e9es en 5 groupes de travail :<\/h3>\n<ul>\n<li>Noir et blanc<\/li>\n<li>ETB<\/li>\n<li><span style=\"color: #808080;\"><a style=\"color: #808080;\" href=\"http:\/\/leschonsdemeraude.fr\/index.php\/us-teddies\/us-teddy-agouti\/\">Agoutis<\/a><\/span><\/li>\n<li><span style=\"color: #808080;\"><a style=\"color: #808080;\" href=\"http:\/\/leschonsdemeraude.fr\/index.php\/us-teddies\/us-teddy-ardoise\/\">Ardoises<\/a><\/span><\/li>\n<li><a href=\"http:\/\/leschonsdemeraude.fr\/index.php\/us-teddies\/us-teddy-bleu\/\"><span style=\"color: #808080;\">Bleus<\/span><\/a><\/li>\n<\/ul>\n","protected":false},"excerpt":{"rendered":"<p>J\u2019\u00e9l\u00e8ve des Us-Teddies dans les vari\u00e9t\u00e9s suivantes : Noir et blanc, agouti dor\u00e9 et blanc Ecailles de tortue et blanc en noir\/rouge\/blanc ou agouti&#8230;<\/p>\n","protected":false},"author":1,"featured_media":0,"parent":0,"menu_order":0,"comment_status":"closed","ping_status":"closed","template":"","meta":[],"_links":{"self":[{"href":"https:\/\/leschonsdemeraude.fr\/index.php\/wp-json\/wp\/v2\/pages\/18"}],"collection":[{"href":"https:\/\/leschonsdemeraude.fr\/index.php\/wp-json\/wp\/v2\/pages"}],"about":[{"href":"https:\/\/leschonsdemeraude.fr\/index.php\/wp-json\/wp\/v2\/types\/page"}],"author":[{"embeddable":true,"href":"https:\/\/leschonsdemeraude.fr\/index.php\/wp-json\/wp\/v2\/users\/1"}],"replies":[{"embeddable":true,"href":"https:\/\/leschonsdemeraude.fr\/index.php\/wp-json\/wp\/v2\/comments?post=18"}],"version-history":[{"count":11,"href":"https:\/\/leschonsdemeraude.fr\/index.php\/wp-json\/wp\/v2\/pages\/18\/revisions"}],"predecessor-version":[{"id":1873,"href":"https:\/\/leschonsdemeraude.fr\/index.php\/wp-json\/wp\/v2\/pages\/18\/revisions\/1873"}],"wp:attachment":[{"href":"https:\/\/leschonsdemeraude.fr\/index.php\/wp-json\/wp\/v2\/media?parent=18"}],"curies":[{"name":"wp","href":"https:\/\/api.w.org\/{rel}","templated":true}]}}