{"id":44,"date":"2019-09-26T21:18:10","date_gmt":"2019-09-26T19:18:10","guid":{"rendered":"http:\/\/leschonsdemeraude.fr\/?page_id=44"},"modified":"2023-01-14T19:17:39","modified_gmt":"2023-01-14T18:17:39","slug":"peruviens","status":"publish","type":"page","link":"https:\/\/leschonsdemeraude.fr\/index.php\/peruviens-2\/peruviens\/","title":{"rendered":"P\u00e9ruvien californien"},"content":{"rendered":"<h3>M\u00e2les<\/h3>\n<p><a href=\"http:\/\/leschonsdemeraude.fr\/wp-content\/uploads\/2023\/01\/DSC07573.jpg\"><img loading=\"lazy\" class=\"alignnone size-full wp-image-1843\" src=\"http:\/\/leschonsdemeraude.fr\/wp-content\/uploads\/2023\/01\/DSC07573.jpg\" alt=\"\" width=\"1057\" height=\"659\" srcset=\"https:\/\/leschonsdemeraude.fr\/wp-content\/uploads\/2023\/01\/DSC07573.jpg 1057w, https:\/\/leschonsdemeraude.fr\/wp-content\/uploads\/2023\/01\/DSC07573-300x187.jpg 300w, https:\/\/leschonsdemeraude.fr\/wp-content\/uploads\/2023\/01\/DSC07573-1024x638.jpg 1024w, https:\/\/leschonsdemeraude.fr\/wp-content\/uploads\/2023\/01\/DSC07573-768x479.jpg 768w, https:\/\/leschonsdemeraude.fr\/wp-content\/uploads\/2023\/01\/DSC07573-200x125.jpg 200w\" sizes=\"(max-width: 1057px) 100vw, 1057px\" \/><\/a><\/p>\n<p><a href=\"http:\/\/leschonsdemeraude.fr\/wp-content\/uploads\/2023\/01\/DSC07569.jpg\"><img loading=\"lazy\" class=\"alignnone size-full wp-image-1842\" src=\"http:\/\/leschonsdemeraude.fr\/wp-content\/uploads\/2023\/01\/DSC07569.jpg\" alt=\"\" width=\"1116\" height=\"735\" srcset=\"https:\/\/leschonsdemeraude.fr\/wp-content\/uploads\/2023\/01\/DSC07569.jpg 1116w, https:\/\/leschonsdemeraude.fr\/wp-content\/uploads\/2023\/01\/DSC07569-300x198.jpg 300w, https:\/\/leschonsdemeraude.fr\/wp-content\/uploads\/2023\/01\/DSC07569-1024x674.jpg 1024w, https:\/\/leschonsdemeraude.fr\/wp-content\/uploads\/2023\/01\/DSC07569-768x506.jpg 768w\" sizes=\"(max-width: 1116px) 100vw, 1116px\" \/><\/a><\/p>\n<h3>Femelles<\/h3>\n<p><a href=\"http:\/\/leschonsdemeraude.fr\/wp-content\/uploads\/2023\/01\/DSC07577.jpg\"><img loading=\"lazy\" class=\"alignnone size-full wp-image-1844\" src=\"http:\/\/leschonsdemeraude.fr\/wp-content\/uploads\/2023\/01\/DSC07577.jpg\" alt=\"\" width=\"1104\" height=\"700\" srcset=\"https:\/\/leschonsdemeraude.fr\/wp-content\/uploads\/2023\/01\/DSC07577.jpg 1104w, https:\/\/leschonsdemeraude.fr\/wp-content\/uploads\/2023\/01\/DSC07577-300x190.jpg 300w, https:\/\/leschonsdemeraude.fr\/wp-content\/uploads\/2023\/01\/DSC07577-1024x649.jpg 1024w, https:\/\/leschonsdemeraude.fr\/wp-content\/uploads\/2023\/01\/DSC07577-768x487.jpg 768w\" sizes=\"(max-width: 1104px) 100vw, 1104px\" \/><\/a><\/p>\n<p><a href=\"http:\/\/leschonsdemeraude.fr\/wp-content\/uploads\/2023\/01\/DSC07581.jpg\"><img loading=\"lazy\" class=\"alignnone size-full wp-image-1840\" src=\"http:\/\/leschonsdemeraude.fr\/wp-content\/uploads\/2023\/01\/DSC07581.jpg\" alt=\"\" width=\"1064\" height=\"686\" srcset=\"https:\/\/leschonsdemeraude.fr\/wp-content\/uploads\/2023\/01\/DSC07581.jpg 1064w, https:\/\/leschonsdemeraude.fr\/wp-content\/uploads\/2023\/01\/DSC07581-300x193.jpg 300w, https:\/\/leschonsdemeraude.fr\/wp-content\/uploads\/2023\/01\/DSC07581-1024x660.jpg 1024w, https:\/\/leschonsdemeraude.fr\/wp-content\/uploads\/2023\/01\/DSC07581-768x495.jpg 768w\" sizes=\"(max-width: 1064px) 100vw, 1064px\" \/><\/a><\/p>\n<p><a href=\"http:\/\/leschonsdemeraude.fr\/wp-content\/uploads\/2020\/01\/Femelle-2019-1-cr\u00e8me-issue-cr\u00e8me-par-cr\u00e8me-Benj-1.jpg\"><img loading=\"lazy\" class=\"alignnone wp-image-199 size-large\" src=\"http:\/\/leschonsdemeraude.fr\/wp-content\/uploads\/2020\/01\/Femelle-2019-1-cr\u00e8me-issue-cr\u00e8me-par-cr\u00e8me-Benj-1-1024x667.jpg\" alt=\"\" width=\"640\" height=\"417\" srcset=\"https:\/\/leschonsdemeraude.fr\/wp-content\/uploads\/2020\/01\/Femelle-2019-1-cr\u00e8me-issue-cr\u00e8me-par-cr\u00e8me-Benj-1-1024x667.jpg 1024w, https:\/\/leschonsdemeraude.fr\/wp-content\/uploads\/2020\/01\/Femelle-2019-1-cr\u00e8me-issue-cr\u00e8me-par-cr\u00e8me-Benj-1-300x195.jpg 300w, https:\/\/leschonsdemeraude.fr\/wp-content\/uploads\/2020\/01\/Femelle-2019-1-cr\u00e8me-issue-cr\u00e8me-par-cr\u00e8me-Benj-1-768x500.jpg 768w\" sizes=\"(max-width: 640px) 100vw, 640px\" \/><\/a><\/p>\n<p><a href=\"http:\/\/leschonsdemeraude.fr\/wp-content\/uploads\/2020\/01\/Femelle-2019-2-cr\u00e8me-issue-cali-blanc-par-cr\u00e8me-Benj-1.jpg\"><img loading=\"lazy\" class=\"alignnone wp-image-200 size-large\" src=\"http:\/\/leschonsdemeraude.fr\/wp-content\/uploads\/2020\/01\/Femelle-2019-2-cr\u00e8me-issue-cali-blanc-par-cr\u00e8me-Benj-1-1024x682.jpg\" alt=\"\" width=\"640\" height=\"426\" srcset=\"https:\/\/leschonsdemeraude.fr\/wp-content\/uploads\/2020\/01\/Femelle-2019-2-cr\u00e8me-issue-cali-blanc-par-cr\u00e8me-Benj-1-1024x682.jpg 1024w, https:\/\/leschonsdemeraude.fr\/wp-content\/uploads\/2020\/01\/Femelle-2019-2-cr\u00e8me-issue-cali-blanc-par-cr\u00e8me-Benj-1-300x200.jpg 300w, https:\/\/leschonsdemeraude.fr\/wp-content\/uploads\/2020\/01\/Femelle-2019-2-cr\u00e8me-issue-cali-blanc-par-cr\u00e8me-Benj-1-768x512.jpg 768w\" sizes=\"(max-width: 640px) 100vw, 640px\" \/><\/a><\/p>\n<p><a href=\"http:\/\/leschonsdemeraude.fr\/wp-content\/uploads\/2023\/01\/DSC06971b.jpg\"><img loading=\"lazy\" class=\"alignnone size-full wp-image-1841\" src=\"http:\/\/leschonsdemeraude.fr\/wp-content\/uploads\/2023\/01\/DSC06971b.jpg\" alt=\"\" width=\"1106\" height=\"694\" srcset=\"https:\/\/leschonsdemeraude.fr\/wp-content\/uploads\/2023\/01\/DSC06971b.jpg 1106w, https:\/\/leschonsdemeraude.fr\/wp-content\/uploads\/2023\/01\/DSC06971b-300x188.jpg 300w, https:\/\/leschonsdemeraude.fr\/wp-content\/uploads\/2023\/01\/DSC06971b-1024x643.jpg 1024w, https:\/\/leschonsdemeraude.fr\/wp-content\/uploads\/2023\/01\/DSC06971b-768x482.jpg 768w, https:\/\/leschonsdemeraude.fr\/wp-content\/uploads\/2023\/01\/DSC06971b-200x125.jpg 200w\" sizes=\"(max-width: 1106px) 100vw, 1106px\" \/><\/a><\/p>\n","protected":false},"excerpt":{"rendered":"<p>M\u00e2les Femelles<\/p>\n","protected":false},"author":1,"featured_media":0,"parent":1705,"menu_order":0,"comment_status":"closed","ping_status":"closed","template":"","meta":[],"_links":{"self":[{"href":"https:\/\/leschonsdemeraude.fr\/index.php\/wp-json\/wp\/v2\/pages\/44"}],"collection":[{"href":"https:\/\/leschonsdemeraude.fr\/index.php\/wp-json\/wp\/v2\/pages"}],"about":[{"href":"https:\/\/leschonsdemeraude.fr\/index.php\/wp-json\/wp\/v2\/types\/page"}],"author":[{"embeddable":true,"href":"https:\/\/leschonsdemeraude.fr\/index.php\/wp-json\/wp\/v2\/users\/1"}],"replies":[{"embeddable":true,"href":"https:\/\/leschonsdemeraude.fr\/index.php\/wp-json\/wp\/v2\/comments?post=44"}],"version-history":[{"count":13,"href":"https:\/\/leschonsdemeraude.fr\/index.php\/wp-json\/wp\/v2\/pages\/44\/revisions"}],"predecessor-version":[{"id":1845,"href":"https:\/\/leschonsdemeraude.fr\/index.php\/wp-json\/wp\/v2\/pages\/44\/revisions\/1845"}],"up":[{"embeddable":true,"href":"https:\/\/leschonsdemeraude.fr\/index.php\/wp-json\/wp\/v2\/pages\/1705"}],"wp:attachment":[{"href":"https:\/\/leschonsdemeraude.fr\/index.php\/wp-json\/wp\/v2\/media?parent=44"}],"curies":[{"name":"wp","href":"https:\/\/api.w.org\/{rel}","templated":true}]}}